{"id":1192,"date":"2018-04-16T08:46:46","date_gmt":"2018-04-16T06:46:46","guid":{"rendered":"https:\/\/www.haar-point.de\/?page_id=1192"},"modified":"2026-02-23T16:03:59","modified_gmt":"2026-02-23T15:03:59","slug":"schoene-haende","status":"publish","type":"page","link":"https:\/\/www.haar-point.de\/index.php\/schoene-haende\/","title":{"rendered":"Sch\u00f6ne H\u00e4nde | Manik\u00fcre, Shellac, N\u00e4gel | Kosmetikstudio"},"content":{"rendered":"<\/div><\/div><\/div><!-- close content main div --><\/div><\/div><div id='av_section_1' class='avia-section main_color avia-section-default avia-no-border-styling avia-bg-style-fixed   av-medium-hide av-small-hide av-mini-hide av-minimum-height av-minimum-height-custom container_wrap fullsize' style = 'background-repeat: no-repeat; background-image: url(https:\/\/www.haar-point.de\/wp-content\/uploads\/2018\/07\/haarpoint-minden-rundum-schoen-haarentfernung-permanentmakeup-naegel-wimpern-headbild-haendefuesse-1920.jpg); background-attachment: fixed; background-position: center center; ' data-section-bg-repeat='no-repeat' ><div class='container' style='height:700px'><div class='template-page content  av-content-full alpha units'><div class='post-entry post-entry-type-page post-entry-1192'><div class='entry-content-wrapper clearfix'>\n<div class=\"flex_column av_two_fifth  av-break-at-tablet flex_column_div first  \" style='padding:0px 50px 0px 50px ; border-radius:0px; '><p><div class='avia-image-container avia_animated_image avia_animate_when_almost_visible fade-in av-styling-no-styling    avia-align-center '  itemprop=\"ImageObject\" itemscope=\"itemscope\" itemtype=\"https:\/\/schema.org\/ImageObject\"  ><div class='avia-image-container-inner'><img class='avia_image ' src='https:\/\/www.haar-point.de\/wp-content\/uploads\/2026\/02\/shara_logo_rundumschoen_kosmetikstudio_small3-1-300x72.png' alt='' title='shara_logo_rundumscho\u0308n_kosmetikstudio_small3'   itemprop=\"thumbnailUrl\"  \/><\/div><\/div><br \/>\n<div style=' margin-top:0px; margin-bottom:10px;'  class='hr hr-custom hr-center hr-icon-no  '><span class='hr-inner   inner-border-av-border-thin' style=' width:210px; border-color:#ffffff;' ><span class='hr-inner-style'><\/span><\/span><\/div><br \/>\n<div style='padding-bottom:0px;color:#ffffff;font-size:30px;' class='av-special-heading av-special-heading-h1 custom-color-heading blockquote modern-quote modern-centered   av-inherit-size '><h1 class='av-special-heading-tag '  itemprop=\"headline\"  >Sch\u00f6ne H\u00e4nde.<br \/>\nSch\u00f6ne F\u00fcsse. <\/h1><div class ='av-subheading av-subheading_below av_custom_color ' style='font-size:17px;'><p>Tuen Sie ihnen<br \/>\netwas Gutes.<\/p>\n<\/div><div class='special-heading-border'><div class='special-heading-inner-border' style='border-color:#ffffff'><\/div><\/div><\/div><br \/>\n<div style=' margin-top:15px; margin-bottom:0px;'  class='hr hr-custom hr-center hr-icon-no  '><span class='hr-inner   inner-border-av-border-thin' style=' width:210px; border-color:#ffffff;' ><span class='hr-inner-style'><\/span><\/span><\/div><\/p><\/div><div class=\"flex_column av_three_fifth  av-break-at-tablet flex_column_div av-zero-column-padding   \" style='border-radius:0px; '><\/div>\n\n<\/div><\/div><\/div><!-- close content main div --><\/div><\/div><div id='full_slider_1' class='avia-fullwidth-slider main_color avia-shadow  av-desktop-hide av-mini-hide  container_wrap fullsize'   ><div  data-size='no scaling'  data-lightbox_size='large'  data-animation='slide'  data-ids='1526'  data-video_counter='0'  data-autoplay='false'  data-bg_slider='false'  data-slide_height=''  data-handle='av_slideshow_full'  data-interval='5'  data-class=' image_no_stretch'  data-css_id=''  data-scroll_down=''  data-control_layout='av-control-default'  data-custom_markup=''  data-perma_caption=''  data-autoplay_stopper=''  data-image_attachment=''  data-min_height='300px'  data-src=''  data-position='top left'  data-repeat='no-repeat'  data-attach='scroll'  data-stretch='image_no_stretch'  class='avia-slideshow avia-slideshow-1  av-control-default av-default-height-applied avia-slideshow-no scaling av_slideshow_full  image_no_stretch avia-slide-slider '  itemprop=\"ImageObject\" itemscope=\"itemscope\" itemtype=\"https:\/\/schema.org\/ImageObject\" ><ul class='avia-slideshow-inner' style='padding-bottom: 62.5%;'><li  class=' av-single-slide slide-1 ' ><div data-rel='slideshow-1' class='avia-slide-wrap'  ><div class = \"caption_fullwidth av-slideshow-caption caption_bottom\"><div class = \"container caption_container\"><div class = \"slideshow_caption\"><div class = \"slideshow_inner_caption\"><div class = \"slideshow_align_caption\"><h2  class='avia-caption-title  av-small-font-size-overwrite av-small-font-size-30'  itemprop=\"name\" >Sch\u00f6ne H\u00e4nde.<br \/>\nSch\u00f6ne F\u00fcsse.<\/h2><div class='avia-caption-content  av-small-font-size-overwrite av-small-font-size-18 '  itemprop=\"description\"  ><p>Tuen Sie ihnen etwas Gutes.<\/p>\n<\/div><\/div><\/div><\/div><\/div><\/div><img src='https:\/\/www.haar-point.de\/wp-content\/uploads\/2018\/07\/haarpoint-minden-rundum-schoen-haarentfernung-permanentmakeup-naegel-wimpern-headbild-haendefuesse-tablet.jpg' width='800' height='500' title='haarpoint-minden-rundum-schoen-haarentfernung-permanentmakeup-naegel-wimpern-headbild-haendefuesse-tablet' alt=''  itemprop=\"thumbnailUrl\"  style='min-height:300px; min-width:480px; ' \/><\/div><\/li><\/ul><\/div><\/div>\n<\/div><\/div><\/div><!-- close content main div --><\/div><\/div><div id='full_slider_2' class='avia-fullwidth-slider main_color avia-shadow  av-desktop-hide av-medium-hide av-small-hide  container_wrap fullsize'   ><div  data-size='no scaling'  data-lightbox_size='large'  data-animation='slide'  data-ids='1555'  data-video_counter='0'  data-autoplay='false'  data-bg_slider='false'  data-slide_height=''  data-handle='av_slideshow_full'  data-interval='5'  data-class=' image_no_stretch'  data-css_id=''  data-scroll_down=''  data-control_layout='av-control-default'  data-custom_markup=''  data-perma_caption=''  data-autoplay_stopper=''  data-image_attachment=''  data-min_height='500px'  data-src=''  data-position='top left'  data-repeat='no-repeat'  data-attach='scroll'  data-stretch='image_no_stretch'  class='avia-slideshow avia-slideshow-2  av-control-default av-default-height-applied avia-slideshow-no scaling av_slideshow_full  image_no_stretch avia-slide-slider '  itemprop=\"ImageObject\" itemscope=\"itemscope\" itemtype=\"https:\/\/schema.org\/ImageObject\" ><ul class='avia-slideshow-inner' style='padding-bottom: 83.3333333333%;'><li  class=' av-single-slide slide-1 ' ><div data-rel='slideshow-2' class='avia-slide-wrap'  ><div class = \"caption_fullwidth av-slideshow-caption caption_bottom\"><div class = \"container caption_container\"><div class = \"slideshow_caption\"><div class = \"slideshow_inner_caption\"><div class = \"slideshow_align_caption\"><h2  style='font-size:44px; ' class='avia-caption-title  av-mini-font-size-overwrite av-mini-font-size-30'  itemprop=\"name\" >Sch\u00f6ne H\u00e4nde.<br \/>\nSch\u00f6ne F\u00fcsse.<\/h2><div class='avia-caption-content  av-mini-font-size-overwrite av-mini-font-size-19 av_inherit_color'  itemprop=\"description\"   style='font-size:18px; '><p>Tuen Sie ihnen<br \/>\netwas Gutes.<\/p>\n<\/div><\/div><\/div><\/div><\/div><\/div><img src='https:\/\/www.haar-point.de\/wp-content\/uploads\/2018\/07\/haarpoint-minden-rundum-schoen-haarentfernung-permanentmakeup-naegel-wimpern-headbild-haendefuesse-mobil.jpg' width='600' height='500' title='haarpoint-minden-rundum-schoen-haarentfernung-permanentmakeup-naegel-wimpern-headbild-haendefuesse-mobil' alt=''  itemprop=\"thumbnailUrl\"  style='min-height:500px; min-width:600px; ' \/><\/div><\/li><\/ul><\/div><\/div>\n<\/div><\/div><\/div><!-- close content main div --><\/div><\/div><div id='av-layout-grid-1' class='av-layout-grid-container entry-content-wrapper main_color av-flex-cells    container_wrap fullsize'   >\n<div class=\"flex_cell no_margin av_one_full   \" style='vertical-align:top; padding:10%; '><div class='flex_cell_inner' ><p><div style='padding-bottom:20px;font-size:40px;' class='av-special-heading av-special-heading-h1  blockquote modern-quote modern-centered   av-inherit-size '><h1 class='av-special-heading-tag '  itemprop=\"headline\"  >Gepflegte H\u00e4nde und F\u00fc\u00dfe, sch\u00f6ne N\u00e4gel.<\/h1><div class='special-heading-border'><div class='special-heading-inner-border' ><\/div><\/div><\/div><br \/>\n<div class=\"flex_column av_one_fifth  flex_column_div av-zero-column-padding first  \" style='border-radius:0px; '><\/div><div class=\"flex_column av_three_fifth  av-animated-generic bottom-to-top  flex_column_div av-zero-column-padding   \" style='border-radius:0px; '><section class=\"av_textblock_section \"  itemscope=\"itemscope\" itemtype=\"https:\/\/schema.org\/CreativeWork\" ><div class='avia_textblock  '   itemprop=\"text\" ><p style=\"text-align: center;\">Haarpoint bietet Ihnen die klassische Manik\u00fcre und eine Shellac-Manik\u00fcre.<br \/>\nUm das Wohl Ihrer F\u00fc\u00dfe wird ausgiebig gesorgt.<br \/>\nOb ein Fu\u00dfbad, eine Massage oder eine Kosmetische Fu\u00dfpflege, lassen Sie sich bei uns verw\u00f6hnen.<br \/>\nTuen Sie Ihren H\u00e4nden und F\u00fc\u00dfen etwas Gutes.<\/p>\n<\/div><\/section><br \/>\n<div style=' margin-top:50px; margin-bottom:0px;'  class='hr hr-custom hr-center hr-icon-no  '><span class='hr-inner   inner-border-av-border-none' style=' width:90px;' ><span class='hr-inner-style'><\/span><\/span><\/div><\/p><\/div><div class=\"flex_column av_one_fifth  flex_column_div av-zero-column-padding   \" style='border-radius:0px; '><\/div><\/p>\n<\/div><\/div><\/div><\/div><\/div><\/div><!-- close content main div --><\/div><\/div><div id='av-layout-grid-2' class='av-layout-grid-container entry-content-wrapper main_color av-flex-cells av-break-at-tablet   container_wrap fullsize'   >\n<div class=\"flex_cell no_margin av_one_half   \" style='vertical-align:top; padding:80px; background-color:#fcfcfc; '><div class='flex_cell_inner' ><div class='av-catalogue-container  '><ul class='av-catalogue-list'>\n<li><div class='av-catalogue-item'><div class='av-catalogue-item-inner'><div class='av-catalogue-title-container'><div class='av-catalogue-title'>PREISE H\u00c4NDE<\/div><div class='av-catalogue-price'><\/div><\/div><div class='av-catalogue-content'>\nALLE PREISE GELTEN PRO BEHANDLUNG<br \/>\n<\/div><\/div><\/div><\/li>\n<li><div class='av-catalogue-item'><div class='av-catalogue-item-inner'><div class='av-catalogue-title-container'><div class='av-catalogue-title'>Manik\u00fcre<\/div><div class='av-catalogue-price'>30 \u20ac<\/div><\/div><div class='av-catalogue-content'><\/div><\/div><\/div><\/li>\n<li><div class='av-catalogue-item'><div class='av-catalogue-item-inner'><div class='av-catalogue-title-container'><div class='av-catalogue-title'>Manik\u00fcre<\/div><div class='av-catalogue-price'>40 \u20ac<\/div><\/div><div class='av-catalogue-content'>\nMit Shellac<br \/>\n<\/div><\/div><\/div><\/li>\n<li><div class='av-catalogue-item'><div class='av-catalogue-item-inner'><div class='av-catalogue-title-container'><div class='av-catalogue-title'><\/div><div class='av-catalogue-price'><\/div><\/div><div class='av-catalogue-content'>\n<span style=\"font-size: 11px;\"> Alle Preise sind ohne Gew\u00e4hr. \u00c4nderungen sind vorbehalten.<\/span><br \/>\n<\/div><\/div><\/div><\/li>\n<\/ul><\/div>\n<\/div><\/div><div class=\"flex_cell no_margin av_one_half   \" style='vertical-align:middle; padding:80px; background-color:#fcfcfc; '><div class='flex_cell_inner' ><div class='av-catalogue-container  '><ul class='av-catalogue-list'>\n<li><div class='av-catalogue-item'><div class='av-catalogue-item-inner'><div class='av-catalogue-title-container'><div class='av-catalogue-title'>PREISE F\u00dcSSE<\/div><div class='av-catalogue-price'><\/div><\/div><div class='av-catalogue-content'>\nALLE PREISE GELTEN PRO BEHANDLUNG<br \/>\n<\/div><\/div><\/div><\/li>\n<li><div class='av-catalogue-item'><div class='av-catalogue-item-inner'><div class='av-catalogue-title-container'><div class='av-catalogue-title'>Klassische Fu\u00dfpflege<\/div><div class='av-catalogue-price'>30 \u20ac<\/div><\/div><div class='av-catalogue-content'>\nMit Fu\u00dfbad und Massage<br \/>\n<\/div><\/div><\/div><\/li>\n<li><div class='av-catalogue-item'><div class='av-catalogue-item-inner'><div class='av-catalogue-title-container'><div class='av-catalogue-title'>Kosmetische Fu\u00dfpflege<\/div><div class='av-catalogue-price'>39 \u20ac<\/div><\/div><div class='av-catalogue-content'>\nMit Fu\u00dfbad, Massage und Shellac<br \/>\n<\/div><\/div><\/div><\/li>\n<li><div class='av-catalogue-item'><div class='av-catalogue-item-inner'><div class='av-catalogue-title-container'><div class='av-catalogue-title'>Shellac<\/div><div class='av-catalogue-price'>25 \u20ac<\/div><\/div><div class='av-catalogue-content'><\/div><\/div><\/div><\/li>\n<li><div class='av-catalogue-item'><div class='av-catalogue-item-inner'><div class='av-catalogue-title-container'><div class='av-catalogue-title'>Shellac<\/div><div class='av-catalogue-price'>28 \u20ac<\/div><\/div><div class='av-catalogue-content'>\n+ Steinchen<br \/>\n<\/div><\/div><\/div><\/li>\n<li><div class='av-catalogue-item'><div class='av-catalogue-item-inner'><div class='av-catalogue-title-container'><div class='av-catalogue-title'><\/div><div class='av-catalogue-price'><\/div><\/div><div class='av-catalogue-content'>\n<span style=\"font-size: 11px;\"> Alle Preise sind ohne Gew\u00e4hr. \u00c4nderungen sind vorbehalten.<\/span><br \/>\n<\/div><\/div><\/div><\/li>\n<\/ul><\/div>\n<\/div><\/div>\n<\/div><\/p>\n<\/div><\/div><\/div><!-- close content main div --><\/div><\/div><div id='av-layout-grid-3' class='av-layout-grid-container entry-content-wrapper main_color av-flex-cells    container_wrap fullsize'   >\n<div class=\"flex_cell no_margin av_one_full   \" style='vertical-align:top; padding:10%; '><div class='flex_cell_inner' ><p><div style='padding-bottom:20px;font-size:40px;' class='av-special-heading av-special-heading-h1  blockquote modern-quote modern-centered   av-inherit-size '><h1 class='av-special-heading-tag '  itemprop=\"headline\"  >Shellac at its best.<\/h1><div class='special-heading-border'><div class='special-heading-inner-border' ><\/div><\/div><\/div><br \/>\n<div class=\"flex_column av_one_fifth  flex_column_div av-zero-column-padding first  \" style='border-radius:0px; '><\/div><div class=\"flex_column av_three_fifth  av-animated-generic bottom-to-top  flex_column_div av-zero-column-padding   \" style='border-radius:0px; '><section class=\"av_textblock_section \"  itemscope=\"itemscope\" itemtype=\"https:\/\/schema.org\/CreativeWork\" ><div class='avia_textblock  '   itemprop=\"text\" ><p style=\"text-align: center;\">Shellac besteht aus drei Schichten: Nacheinander werden der Basecoat, die Farbschicht und der versiegelnde Topcoat aufgetragen. Alle Schichten m\u00fcssen anschlie\u00dfend unter einer LED-Lampe aush\u00e4rten. Die Trocknungszeit betr\u00e4gt nur wenige Sekunden \u2013 danach ist Shellac bereits kratz- und auch sto\u00dffest.<\/p>\n<p style=\"text-align: center;\">N\u00e4gel f\u00fcr eine Shellac-Manik\u00fcre m\u00fcssen nicht erst angeraut werden. Das schont den Nagel. Der Lack h\u00e4lt mindestens zwei Wochen, in manchen F\u00e4llen sogar drei bis vier Wochen. Erst danach muss man diesen neu lackieren lassen.<\/p>\n<\/div><\/section><br \/>\n<div style=' margin-top:50px; margin-bottom:0px;'  class='hr hr-custom hr-center hr-icon-no  '><span class='hr-inner   inner-border-av-border-none' style=' width:90px;' ><span class='hr-inner-style'><\/span><\/span><\/div><\/p><\/div><div class=\"flex_column av_one_fifth  flex_column_div av-zero-column-padding   \" style='border-radius:0px; '><\/div><\/p>\n<\/div><\/div><\/div>\n","protected":false},"excerpt":{"rendered":"","protected":false},"author":1,"featured_media":0,"parent":0,"menu_order":28,"comment_status":"closed","ping_status":"closed","template":"","meta":{"footnotes":""},"class_list":["post-1192","page","type-page","status-publish","hentry"],"yoast_head":"<!-- This site is optimized with the Yoast SEO plugin v27.0 - https:\/\/yoast.com\/product\/yoast-seo-wordpress\/ -->\n<title>Sch\u00f6ne H\u00e4nde | Manik\u00fcre, Shellac, N\u00e4gel | Kosmetikstudio - SHARA - Haarpoint Minden<\/title>\n<meta name=\"robots\" content=\"index, follow, max-snippet:-1, max-image-preview:large, max-video-preview:-1\" \/>\n<link rel=\"canonical\" href=\"https:\/\/www.haar-point.de\/index.php\/schoene-haende\/\" \/>\n<meta property=\"og:locale\" content=\"de_DE\" \/>\n<meta property=\"og:type\" content=\"article\" \/>\n<meta property=\"og:title\" content=\"Sch\u00f6ne H\u00e4nde | Manik\u00fcre, Shellac, N\u00e4gel | Kosmetikstudio - SHARA - Haarpoint Minden\" \/>\n<meta property=\"og:url\" content=\"https:\/\/www.haar-point.de\/index.php\/schoene-haende\/\" \/>\n<meta property=\"og:site_name\" content=\"SHARA - Haarpoint Minden\" \/>\n<meta property=\"article:modified_time\" content=\"2026-02-23T15:03:59+00:00\" \/>\n<meta name=\"twitter:card\" content=\"summary_large_image\" \/>\n<meta name=\"twitter:label1\" content=\"Gesch\u00e4tzte Lesezeit\" \/>\n\t<meta name=\"twitter:data1\" content=\"10\u00a0Minuten\" \/>\n<script type=\"application\/ld+json\" class=\"yoast-schema-graph\">{\"@context\":\"https:\/\/schema.org\",\"@graph\":[{\"@type\":\"WebPage\",\"@id\":\"https:\/\/www.haar-point.de\/index.php\/schoene-haende\/\",\"url\":\"https:\/\/www.haar-point.de\/index.php\/schoene-haende\/\",\"name\":\"Sch\u00f6ne H\u00e4nde | Manik\u00fcre, Shellac, N\u00e4gel | Kosmetikstudio - SHARA - Haarpoint Minden\",\"isPartOf\":{\"@id\":\"https:\/\/www.haar-point.de\/#website\"},\"datePublished\":\"2018-04-16T06:46:46+00:00\",\"dateModified\":\"2026-02-23T15:03:59+00:00\",\"breadcrumb\":{\"@id\":\"https:\/\/www.haar-point.de\/index.php\/schoene-haende\/#breadcrumb\"},\"inLanguage\":\"de\",\"potentialAction\":[{\"@type\":\"ReadAction\",\"target\":[\"https:\/\/www.haar-point.de\/index.php\/schoene-haende\/\"]}]},{\"@type\":\"BreadcrumbList\",\"@id\":\"https:\/\/www.haar-point.de\/index.php\/schoene-haende\/#breadcrumb\",\"itemListElement\":[{\"@type\":\"ListItem\",\"position\":1,\"name\":\"Start\",\"item\":\"https:\/\/www.haar-point.de\/\"},{\"@type\":\"ListItem\",\"position\":2,\"name\":\"Sch\u00f6ne H\u00e4nde | Manik\u00fcre, Shellac, N\u00e4gel | Kosmetikstudio\"}]},{\"@type\":\"WebSite\",\"@id\":\"https:\/\/www.haar-point.de\/#website\",\"url\":\"https:\/\/www.haar-point.de\/\",\"name\":\"SHARA - Haarpoint Minden\",\"description\":\"Rundum sch\u00f6n - Dauerhafte Haarentfernung - Permanent Make Up - N\u00e4gel - Wimpern - Kosmetik - Microblading\",\"potentialAction\":[{\"@type\":\"SearchAction\",\"target\":{\"@type\":\"EntryPoint\",\"urlTemplate\":\"https:\/\/www.haar-point.de\/?s={search_term_string}\"},\"query-input\":{\"@type\":\"PropertyValueSpecification\",\"valueRequired\":true,\"valueName\":\"search_term_string\"}}],\"inLanguage\":\"de\"}]}<\/script>\n<!-- \/ Yoast SEO plugin. -->","yoast_head_json":{"title":"Sch\u00f6ne H\u00e4nde | Manik\u00fcre, Shellac, N\u00e4gel | Kosmetikstudio - SHARA - Haarpoint Minden","robots":{"index":"index","follow":"follow","max-snippet":"max-snippet:-1","max-image-preview":"max-image-preview:large","max-video-preview":"max-video-preview:-1"},"canonical":"https:\/\/www.haar-point.de\/index.php\/schoene-haende\/","og_locale":"de_DE","og_type":"article","og_title":"Sch\u00f6ne H\u00e4nde | Manik\u00fcre, Shellac, N\u00e4gel | Kosmetikstudio - SHARA - Haarpoint Minden","og_url":"https:\/\/www.haar-point.de\/index.php\/schoene-haende\/","og_site_name":"SHARA - Haarpoint Minden","article_modified_time":"2026-02-23T15:03:59+00:00","twitter_card":"summary_large_image","twitter_misc":{"Gesch\u00e4tzte Lesezeit":"10\u00a0Minuten"},"schema":{"@context":"https:\/\/schema.org","@graph":[{"@type":"WebPage","@id":"https:\/\/www.haar-point.de\/index.php\/schoene-haende\/","url":"https:\/\/www.haar-point.de\/index.php\/schoene-haende\/","name":"Sch\u00f6ne H\u00e4nde | Manik\u00fcre, Shellac, N\u00e4gel | Kosmetikstudio - SHARA - Haarpoint Minden","isPartOf":{"@id":"https:\/\/www.haar-point.de\/#website"},"datePublished":"2018-04-16T06:46:46+00:00","dateModified":"2026-02-23T15:03:59+00:00","breadcrumb":{"@id":"https:\/\/www.haar-point.de\/index.php\/schoene-haende\/#breadcrumb"},"inLanguage":"de","potentialAction":[{"@type":"ReadAction","target":["https:\/\/www.haar-point.de\/index.php\/schoene-haende\/"]}]},{"@type":"BreadcrumbList","@id":"https:\/\/www.haar-point.de\/index.php\/schoene-haende\/#breadcrumb","itemListElement":[{"@type":"ListItem","position":1,"name":"Start","item":"https:\/\/www.haar-point.de\/"},{"@type":"ListItem","position":2,"name":"Sch\u00f6ne H\u00e4nde | Manik\u00fcre, Shellac, N\u00e4gel | Kosmetikstudio"}]},{"@type":"WebSite","@id":"https:\/\/www.haar-point.de\/#website","url":"https:\/\/www.haar-point.de\/","name":"SHARA - Haarpoint Minden","description":"Rundum sch\u00f6n - Dauerhafte Haarentfernung - Permanent Make Up - N\u00e4gel - Wimpern - Kosmetik - Microblading","potentialAction":[{"@type":"SearchAction","target":{"@type":"EntryPoint","urlTemplate":"https:\/\/www.haar-point.de\/?s={search_term_string}"},"query-input":{"@type":"PropertyValueSpecification","valueRequired":true,"valueName":"search_term_string"}}],"inLanguage":"de"}]}},"_links":{"self":[{"href":"https:\/\/www.haar-point.de\/index.php\/wp-json\/wp\/v2\/pages\/1192","targetHints":{"allow":["GET"]}}],"collection":[{"href":"https:\/\/www.haar-point.de\/index.php\/wp-json\/wp\/v2\/pages"}],"about":[{"href":"https:\/\/www.haar-point.de\/index.php\/wp-json\/wp\/v2\/types\/page"}],"author":[{"embeddable":true,"href":"https:\/\/www.haar-point.de\/index.php\/wp-json\/wp\/v2\/users\/1"}],"replies":[{"embeddable":true,"href":"https:\/\/www.haar-point.de\/index.php\/wp-json\/wp\/v2\/comments?post=1192"}],"version-history":[{"count":24,"href":"https:\/\/www.haar-point.de\/index.php\/wp-json\/wp\/v2\/pages\/1192\/revisions"}],"predecessor-version":[{"id":1770,"href":"https:\/\/www.haar-point.de\/index.php\/wp-json\/wp\/v2\/pages\/1192\/revisions\/1770"}],"wp:attachment":[{"href":"https:\/\/www.haar-point.de\/index.php\/wp-json\/wp\/v2\/media?parent=1192"}],"curies":[{"name":"wp","href":"https:\/\/api.w.org\/{rel}","templated":true}]}}