{"id":93,"date":"2017-07-09T21:59:53","date_gmt":"2017-07-09T19:59:53","guid":{"rendered":"http:\/\/haar-point.de.w0138264.kasserver.com\/?page_id=93"},"modified":"2026-03-09T07:08:01","modified_gmt":"2026-03-09T06:08:01","slug":"impressum","status":"publish","type":"page","link":"https:\/\/www.haar-point.de\/index.php\/impressum\/","title":{"rendered":"Impressum | Haarpoint &#8211; Rundum sch\u00f6n | Kosmetikstudio"},"content":{"rendered":"<\/div><\/div><\/div><!-- close content main div --><\/div><\/div><div id='av_section_1' class='avia-section main_color avia-section-large avia-no-border-styling avia-full-stretch avia-bg-style-fixed   av-medium-hide av-small-hide av-mini-hide container_wrap fullsize' style = 'background-repeat: no-repeat; background-image: url(https:\/\/www.haar-point.de\/wp-content\/uploads\/2026\/02\/shara_rundumschoen_kosmetikstudio_sunny_unsplash.jpg); background-attachment: fixed; background-position: center center; ' data-section-bg-repeat='stretch' ><div class='container' ><div class='template-page content  av-content-full alpha units'><div class='post-entry post-entry-type-page post-entry-93'><div class='entry-content-wrapper clearfix'>\n<div class=\"flex_column av_two_fifth  av-animated-generic fade-in  flex_column_div first  \" style='padding:15px; background-color:#f9f3f2; border-radius:0; '><p><div style='height:60px' class='hr hr-invisible  '><span class='hr-inner ' ><span class='hr-inner-style'><\/span><\/span><\/div><br \/>\n<div class='avia-image-container avia_animated_image avia_animate_when_almost_visible pop-up av-styling-no-styling    avia-align-center '  itemprop=\"ImageObject\" itemscope=\"itemscope\" itemtype=\"https:\/\/schema.org\/ImageObject\"  ><div class='avia-image-container-inner'><a href='https:\/\/www.haar-point.de\/index.php\/haarpoint\/' class='avia_image'  ><img class='avia_image ' src='https:\/\/www.haar-point.de\/wp-content\/uploads\/2026\/02\/shara_logo_rundumschoen_kosmetikstudio-300x127.png' alt='' title='shara_logo_rundumscho\u0308n_kosmetikstudio'  itemprop=\"thumbnailUrl\"  \/><\/a><\/div><\/div><br \/>\n<div style='height:60px' class='hr hr-invisible  '><span class='hr-inner ' ><span class='hr-inner-style'><\/span><\/span><\/div><br \/>\n<section class=\"av_textblock_section \"  itemscope=\"itemscope\" itemtype=\"https:\/\/schema.org\/CreativeWork\" ><div class='avia_textblock  av_inherit_color '  style='color:#69605c; '  itemprop=\"text\" ><p style=\"text-align: center;\"><strong>IMPRESSUM<\/strong><\/p>\n<p style=\"text-align: center;\"><strong>Angaben gem\u00e4\u00df \u00a7 5 TMG:<\/strong><br \/>\nSHARA &#8211; Rudum sch\u00f6n.<br \/>\n(Haarpoint Minden) Kosmetikstudio<\/p>\n<p style=\"text-align: center;\">Gartenweg 1<br \/>\n31708 Ahnsen<\/p>\n<p style=\"text-align: center;\"><strong>Kontakt<\/strong><br \/>\nM. 0162 3333389<br \/>\n<a href=\"mailto:shara@web.de\">shara@web.de<\/a><\/p>\n<p style=\"text-align: center;\"><strong>Inhaber: <\/strong>Shara Tehrani<\/p>\n<p style=\"text-align: center;\"><strong>Umsatzsteuer:<br \/>\n<\/strong>Umsatzsteuer-Identifikationsnummer<br \/>\ngem\u00e4\u00df \u00a727 a Umsatzsteuergesetz:<br \/>\nDE 269684373<\/p>\n<\/div><\/section><br \/>\n<div style='height:60px' class='hr hr-invisible  '><span class='hr-inner ' ><span class='hr-inner-style'><\/span><\/span><\/div><\/p><\/div><div class=\"flex_column av_three_fifth  flex_column_div   \" style='padding:30px; background-color:#f9f3f2; border-radius:0px; '><section class=\"av_textblock_section \"  itemscope=\"itemscope\" itemtype=\"https:\/\/schema.org\/CreativeWork\" ><div class='avia_textblock  '   itemprop=\"text\" ><h4><strong>Verantwortlich f\u00fcr den Inhalt nach \u00a7 18 Abs. 2 MStV<\/strong><\/h4>\n<p>Shara Tehrani<\/p>\n<h4><strong>Hinweis zur Online-Streitbeilegung<\/strong><\/h4>\n<p>Die Europ\u00e4ische Kommission stellt eine Plattform zur Online-Streitbeilegung (OS) bereit:\u2028<a href=\"https:\/\/ec.europa.eu\/consumers\/odr\/\" target=\"_blank\" rel=\"noopener\">https:\/\/ec.europa.eu\/consumers\/odr\/<\/a>\u2028Wir sind nicht verpflichtet und nicht bereit, an einem Streitbeilegungsverfahren vor einer Verbraucherschlichtungsstelle teilzunehmen.<\/p>\n<h2><strong> Haftungsausschluss<\/strong><\/h2>\n<h4><strong><br \/>\nHaftung f\u00fcr Inhalte<\/strong><\/h4>\n<p>Als Diensteanbieter sind wir gem\u00e4\u00df \u00a7\u202f7 Abs.\u202f1 TMG f\u00fcr eigene Inhalte auf diesen Seiten nach den allgemeinen Gesetzen verantwortlich. Nach \u00a7\u00a7\u202f8 bis 10 TMG sind wir jedoch nicht verpflichtet, \u00fcbermittelte oder gespeicherte fremde Informationen zu \u00fcberwachen. Bei Bekanntwerden von entsprechenden Rechtsverletzungen werden wir diese Inhalte umgehend entfernen.<\/p>\n<h4><strong>Haftung f\u00fcr Links<\/strong><\/h4>\n<p>Diese Website enth\u00e4lt Links zu externen Websites Dritter, auf deren Inhalte wir keinen Einfluss haben. Deshalb k\u00f6nnen wir f\u00fcr diese fremden Inhalte auch keine Gew\u00e4hr \u00fcbernehmen. F\u00fcr die Inhalte der verlinkten Seiten ist stets der jeweilige Anbieter oder Betreiber verantwortlich. Bei Bekanntwerden von Rechtsverletzungen entfernen wir solche Links umgehend.<\/p>\n<h4><strong>Urheberrecht<\/strong><\/h4>\n<p>Die durch die Seitenbetreiberin erstellten Inhalte und Werke auf dieser Website unterliegen dem deutschen Urheberrecht. Beitr\u00e4ge Dritter sind entsprechend gekennzeichnet. Die Vervielf\u00e4ltigung, Bearbeitung oder Verbreitung au\u00dferhalb der Grenzen des Urheberrechts bedarf der schriftlichen Zustimmung der Autorin. Downloads und Kopien dieser Seite sind nur f\u00fcr den privaten, nicht kommerziellen Gebrauch gestattet.<\/p>\n<h2><strong>Datenschutz<\/strong><\/h2>\n<p>Informationen zur Erhebung, Verarbeitung und Nutzung personenbezogener Daten finden Sie in unserer\u00a0Datenschutzerkl\u00e4rung.<\/p>\n<h4><strong>Social Media und andere Onlinepr\u00e4senzen:<\/strong><\/h4>\n<p>Dieses Impressum gilt auch f\u00fcr die folgenden Social-Media-Pr\u00e4senzen und Onlineprofile:<\/p>\n<p><a href=\"https:\/\/www.instagram.com\/shara_rundumschoen_\" target=\"_blank\" rel=\"noopener\">https:\/\/www.instagram.com\/shara_rundumschoen_<\/a><br \/>\n<a href=\"https:\/\/www.facebook.com\/haarpointminden\/\" target=\"_blank\" rel=\"noopener\">https:\/\/www.facebook.com\/haarpointminden\/<\/a><\/p>\n<h4><strong>Vorbehalt der Nutzung f\u00fcr Text und Data Mining:<\/strong><\/h4>\n<p>Die Inhalte dieser Website, einschlie\u00dflich aller Texte, Bilder und sonstigen Werke, unterliegen dem Urheberrecht.<\/p>\n<p>Jegliche Nutzung von Inhalten dieser Website f\u00fcr Text- und Data-Mining im Sinne von \u00a7\u202f44b UrhG bzw. Art.\u202f4 der Richtlinie (EU) 2019\/790 ist ausdr\u00fccklich untersagt, sofern diese nicht gesetzlich erlaubt ist.<\/p>\n<h4><strong>Bildquellen und Urheberrechtshinweise:<br \/>\n<\/strong><\/h4>\n<p><a href=\"https:\/\/unsplash.com\/\" target=\"_blank\" rel=\"noopener\">Unsplash <\/a>Fotos von<br \/>\n<a href=\"https:\/\/unsplash.com\/de\/@sunnysmng\" target=\"_blank\" rel=\"noopener\">Sunny <\/a><\/p>\n<p><a href=\"https:\/\/www.envato.com\" target=\"_blank\" rel=\"noopener\">Envato Market<\/a> Fotos von<br \/>\nkaterinamukhina<\/p>\n<p>Unternehmensbilder von:<br \/>\n<a href=\"https:\/\/tiffysoso.de\/\" target=\"_blank\" rel=\"noopener\">Tiffy Soso<\/a><\/p>\n<\/div><\/section><\/div>\n\n<\/div><\/div><\/div><!-- close content main div --><\/div><\/div><div id='av_section_2' class='avia-section main_color avia-section-large avia-no-border-styling avia-bg-style-scroll   av-desktop-hide av-minimum-height av-minimum-height-100 container_wrap fullsize'   ><div class='container' ><div class='template-page content  av-content-full alpha units'><div class='post-entry post-entry-type-page post-entry-93'><div class='entry-content-wrapper clearfix'>\n<div class=\"flex_column av_one_full  flex_column_div av-zero-column-padding first  \" style='border-radius:0px; '><section class=\"av_textblock_section \"  itemscope=\"itemscope\" itemtype=\"https:\/\/schema.org\/CreativeWork\" ><div class='avia_textblock  '   itemprop=\"text\" ><h2 style=\"text-align: left;\"><strong>IMPRESSUM<\/strong><\/h2>\n<p style=\"text-align: left;\"><strong>Angaben gem\u00e4\u00df \u00a7 5 TMG:<\/strong><br \/>\nSHARA &#8211; Rudum sch\u00f6n.<br \/>\n(Haarpoint Minden) Kosmetikstudio<\/p>\n<p style=\"text-align: left;\">Gartenweg 1<br \/>\n31708 Ahnsen<\/p>\n<p style=\"text-align: left;\"><strong>Kontakt<\/strong><br \/>\nM. 0162 3333389<br \/>\n<a href=\"mailto:shara@web.de\">shara@web.de<\/a><\/p>\n<p style=\"text-align: left;\"><strong>Inhaber: <\/strong>Shara Tehrani<\/p>\n<p style=\"text-align: left;\"><strong>Umsatzsteuer:<br \/>\n<\/strong>Umsatzsteuer-Identifikationsnummer<br \/>\ngem\u00e4\u00df \u00a727 a Umsatzsteuergesetz:<br \/>\nDE 269684373<\/p>\n<p style=\"text-align: left;\"><strong>Verantwortlich f\u00fcr den Inhalt nach \u00a7 18 Abs. 2 MStV<\/strong><\/p>\n<p>Shara Tehrani<\/p>\n<h2><strong>Hinweis zur Online-Streitbeilegung<\/strong><\/h2>\n<p>Die Europ\u00e4ische Kommission stellt eine Plattform zur Online-Streitbeilegung (OS) bereit:\u2028<a href=\"https:\/\/ec.europa.eu\/consumers\/odr\/\" target=\"_blank\" rel=\"noopener\">https:\/\/ec.europa.eu\/consumers\/odr\/<\/a>\u2028Wir sind nicht verpflichtet und nicht bereit, an einem Streitbeilegungsverfahren vor einer Verbraucherschlichtungsstelle teilzunehmen.<\/p>\n<h2><strong> Haftungsausschluss<\/strong><\/h2>\n<h4><strong><br \/>\nHaftung f\u00fcr Inhalte<\/strong><\/h4>\n<p>Als Diensteanbieter sind wir gem\u00e4\u00df \u00a7\u202f7 Abs.\u202f1 TMG f\u00fcr eigene Inhalte auf diesen Seiten nach den allgemeinen Gesetzen verantwortlich. Nach \u00a7\u00a7\u202f8 bis 10 TMG sind wir jedoch nicht verpflichtet, \u00fcbermittelte oder gespeicherte fremde Informationen zu \u00fcberwachen. Bei Bekanntwerden von entsprechenden Rechtsverletzungen werden wir diese Inhalte umgehend entfernen.<\/p>\n<h4><strong>Haftung f\u00fcr Links<\/strong><\/h4>\n<p>Diese Website enth\u00e4lt Links zu externen Websites Dritter, auf deren Inhalte wir keinen Einfluss haben. Deshalb k\u00f6nnen wir f\u00fcr diese fremden Inhalte auch keine Gew\u00e4hr \u00fcbernehmen. F\u00fcr die Inhalte der verlinkten Seiten ist stets der jeweilige Anbieter oder Betreiber verantwortlich. Bei Bekanntwerden von Rechtsverletzungen entfernen wir solche Links umgehend.<\/p>\n<h4><strong>Urheberrecht<\/strong><\/h4>\n<p>Die durch die Seitenbetreiberin erstellten Inhalte und Werke auf dieser Website unterliegen dem deutschen Urheberrecht. Beitr\u00e4ge Dritter sind entsprechend gekennzeichnet. Die Vervielf\u00e4ltigung, Bearbeitung oder Verbreitung au\u00dferhalb der Grenzen des Urheberrechts bedarf der schriftlichen Zustimmung der Autorin. Downloads und Kopien dieser Seite sind nur f\u00fcr den privaten, nicht kommerziellen Gebrauch gestattet.<\/p>\n<h2><strong>Datenschutz<\/strong><\/h2>\n<p>Informationen zur Erhebung, Verarbeitung und Nutzung personenbezogener Daten finden Sie in unserer\u00a0Datenschutzerkl\u00e4rung.<\/p>\n<h4><strong>Social Media und andere Onlinepr\u00e4senzen:<\/strong><\/h4>\n<p>Dieses Impressum gilt auch f\u00fcr die folgenden Social-Media-Pr\u00e4senzen und Onlineprofile:<\/p>\n<p><a href=\"https:\/\/www.instagram.com\/shara_rundumschoen_\" target=\"_blank\" rel=\"noopener\">https:\/\/www.instagram.com\/shara_rundumschoen_<\/a><br \/>\n<a href=\"https:\/\/www.facebook.com\/haarpointminden\/\" target=\"_blank\" rel=\"noopener\">https:\/\/www.facebook.com\/haarpointminden\/<\/a><\/p>\n<h4><strong>Vorbehalt der Nutzung f\u00fcr Text und Data Mining:<\/strong><\/h4>\n<p>Die Inhalte dieser Website, einschlie\u00dflich aller Texte, Bilder und sonstigen Werke, unterliegen dem Urheberrecht.<\/p>\n<p>Jegliche Nutzung von Inhalten dieser Website f\u00fcr Text- und Data-Mining im Sinne von \u00a7\u202f44b UrhG bzw. Art.\u202f4 der Richtlinie (EU) 2019\/790 ist ausdr\u00fccklich untersagt, sofern diese nicht gesetzlich erlaubt ist.<\/p>\n<h4><strong>Bildquellen und Urheberrechtshinweise:<br \/>\n<\/strong><\/h4>\n<p><a href=\"https:\/\/unsplash.com\/\" target=\"_blank\" rel=\"noopener\">Unsplash <\/a>Fotos von<br \/>\n<a href=\"https:\/\/unsplash.com\/de\/@sunnysmng\" target=\"_blank\" rel=\"noopener\">Sunny <\/a><\/p>\n<p><a href=\"https:\/\/www.envato.com\" target=\"_blank\" rel=\"noopener\">Envato Market<\/a> Fotos von<br \/>\nkaterinamukhina<\/p>\n<\/div><\/section><\/div>\n","protected":false},"excerpt":{"rendered":"","protected":false},"author":1,"featured_media":0,"parent":0,"menu_order":70,"comment_status":"closed","ping_status":"closed","template":"","meta":{"footnotes":""},"class_list":["post-93","page","type-page","status-publish","hentry"],"yoast_head":"<!-- This site is optimized with the Yoast SEO plugin v27.0 - https:\/\/yoast.com\/product\/yoast-seo-wordpress\/ -->\n<title>Impressum | Haarpoint - Rundum sch\u00f6n | Kosmetikstudio - SHARA - Haarpoint Minden<\/title>\n<meta name=\"robots\" content=\"index, follow, max-snippet:-1, max-image-preview:large, max-video-preview:-1\" \/>\n<link rel=\"canonical\" href=\"https:\/\/www.haar-point.de\/index.php\/impressum\/\" \/>\n<meta property=\"og:locale\" content=\"de_DE\" \/>\n<meta property=\"og:type\" content=\"article\" \/>\n<meta property=\"og:title\" content=\"Impressum | Haarpoint - Rundum sch\u00f6n | Kosmetikstudio - SHARA - Haarpoint Minden\" \/>\n<meta property=\"og:url\" content=\"https:\/\/www.haar-point.de\/index.php\/impressum\/\" \/>\n<meta property=\"og:site_name\" content=\"SHARA - Haarpoint Minden\" \/>\n<meta property=\"article:modified_time\" content=\"2026-03-09T06:08:01+00:00\" \/>\n<meta name=\"twitter:card\" content=\"summary_large_image\" \/>\n<meta name=\"twitter:label1\" content=\"Gesch\u00e4tzte Lesezeit\" \/>\n\t<meta name=\"twitter:data1\" content=\"5\u00a0Minuten\" \/>\n<script type=\"application\/ld+json\" class=\"yoast-schema-graph\">{\"@context\":\"https:\/\/schema.org\",\"@graph\":[{\"@type\":\"WebPage\",\"@id\":\"https:\/\/www.haar-point.de\/index.php\/impressum\/\",\"url\":\"https:\/\/www.haar-point.de\/index.php\/impressum\/\",\"name\":\"Impressum | Haarpoint - Rundum sch\u00f6n | Kosmetikstudio - SHARA - Haarpoint Minden\",\"isPartOf\":{\"@id\":\"https:\/\/www.haar-point.de\/#website\"},\"datePublished\":\"2017-07-09T19:59:53+00:00\",\"dateModified\":\"2026-03-09T06:08:01+00:00\",\"breadcrumb\":{\"@id\":\"https:\/\/www.haar-point.de\/index.php\/impressum\/#breadcrumb\"},\"inLanguage\":\"de\",\"potentialAction\":[{\"@type\":\"ReadAction\",\"target\":[\"https:\/\/www.haar-point.de\/index.php\/impressum\/\"]}]},{\"@type\":\"BreadcrumbList\",\"@id\":\"https:\/\/www.haar-point.de\/index.php\/impressum\/#breadcrumb\",\"itemListElement\":[{\"@type\":\"ListItem\",\"position\":1,\"name\":\"Start\",\"item\":\"https:\/\/www.haar-point.de\/\"},{\"@type\":\"ListItem\",\"position\":2,\"name\":\"Impressum | Haarpoint &#8211; Rundum sch\u00f6n | Kosmetikstudio\"}]},{\"@type\":\"WebSite\",\"@id\":\"https:\/\/www.haar-point.de\/#website\",\"url\":\"https:\/\/www.haar-point.de\/\",\"name\":\"SHARA - Haarpoint Minden\",\"description\":\"Rundum sch\u00f6n - Dauerhafte Haarentfernung - Permanent Make Up - N\u00e4gel - Wimpern - Kosmetik - Microblading\",\"potentialAction\":[{\"@type\":\"SearchAction\",\"target\":{\"@type\":\"EntryPoint\",\"urlTemplate\":\"https:\/\/www.haar-point.de\/?s={search_term_string}\"},\"query-input\":{\"@type\":\"PropertyValueSpecification\",\"valueRequired\":true,\"valueName\":\"search_term_string\"}}],\"inLanguage\":\"de\"}]}<\/script>\n<!-- \/ Yoast SEO plugin. -->","yoast_head_json":{"title":"Impressum | Haarpoint - Rundum sch\u00f6n | Kosmetikstudio - SHARA - Haarpoint Minden","robots":{"index":"index","follow":"follow","max-snippet":"max-snippet:-1","max-image-preview":"max-image-preview:large","max-video-preview":"max-video-preview:-1"},"canonical":"https:\/\/www.haar-point.de\/index.php\/impressum\/","og_locale":"de_DE","og_type":"article","og_title":"Impressum | Haarpoint - Rundum sch\u00f6n | Kosmetikstudio - SHARA - Haarpoint Minden","og_url":"https:\/\/www.haar-point.de\/index.php\/impressum\/","og_site_name":"SHARA - Haarpoint Minden","article_modified_time":"2026-03-09T06:08:01+00:00","twitter_card":"summary_large_image","twitter_misc":{"Gesch\u00e4tzte Lesezeit":"5\u00a0Minuten"},"schema":{"@context":"https:\/\/schema.org","@graph":[{"@type":"WebPage","@id":"https:\/\/www.haar-point.de\/index.php\/impressum\/","url":"https:\/\/www.haar-point.de\/index.php\/impressum\/","name":"Impressum | Haarpoint - Rundum sch\u00f6n | Kosmetikstudio - SHARA - Haarpoint Minden","isPartOf":{"@id":"https:\/\/www.haar-point.de\/#website"},"datePublished":"2017-07-09T19:59:53+00:00","dateModified":"2026-03-09T06:08:01+00:00","breadcrumb":{"@id":"https:\/\/www.haar-point.de\/index.php\/impressum\/#breadcrumb"},"inLanguage":"de","potentialAction":[{"@type":"ReadAction","target":["https:\/\/www.haar-point.de\/index.php\/impressum\/"]}]},{"@type":"BreadcrumbList","@id":"https:\/\/www.haar-point.de\/index.php\/impressum\/#breadcrumb","itemListElement":[{"@type":"ListItem","position":1,"name":"Start","item":"https:\/\/www.haar-point.de\/"},{"@type":"ListItem","position":2,"name":"Impressum | Haarpoint &#8211; Rundum sch\u00f6n | Kosmetikstudio"}]},{"@type":"WebSite","@id":"https:\/\/www.haar-point.de\/#website","url":"https:\/\/www.haar-point.de\/","name":"SHARA - Haarpoint Minden","description":"Rundum sch\u00f6n - Dauerhafte Haarentfernung - Permanent Make Up - N\u00e4gel - Wimpern - Kosmetik - Microblading","potentialAction":[{"@type":"SearchAction","target":{"@type":"EntryPoint","urlTemplate":"https:\/\/www.haar-point.de\/?s={search_term_string}"},"query-input":{"@type":"PropertyValueSpecification","valueRequired":true,"valueName":"search_term_string"}}],"inLanguage":"de"}]}},"_links":{"self":[{"href":"https:\/\/www.haar-point.de\/index.php\/wp-json\/wp\/v2\/pages\/93","targetHints":{"allow":["GET"]}}],"collection":[{"href":"https:\/\/www.haar-point.de\/index.php\/wp-json\/wp\/v2\/pages"}],"about":[{"href":"https:\/\/www.haar-point.de\/index.php\/wp-json\/wp\/v2\/types\/page"}],"author":[{"embeddable":true,"href":"https:\/\/www.haar-point.de\/index.php\/wp-json\/wp\/v2\/users\/1"}],"replies":[{"embeddable":true,"href":"https:\/\/www.haar-point.de\/index.php\/wp-json\/wp\/v2\/comments?post=93"}],"version-history":[{"count":65,"href":"https:\/\/www.haar-point.de\/index.php\/wp-json\/wp\/v2\/pages\/93\/revisions"}],"predecessor-version":[{"id":1870,"href":"https:\/\/www.haar-point.de\/index.php\/wp-json\/wp\/v2\/pages\/93\/revisions\/1870"}],"wp:attachment":[{"href":"https:\/\/www.haar-point.de\/index.php\/wp-json\/wp\/v2\/media?parent=93"}],"curies":[{"name":"wp","href":"https:\/\/api.w.org\/{rel}","templated":true}]}}